{"id":763,"date":"2018-08-31T14:20:42","date_gmt":"2018-08-31T17:20:42","guid":{"rendered":"https:\/\/pslvav-sal.infd.edu.ar\/sitio\/ubicacion\/"},"modified":"2021-02-09T09:22:52","modified_gmt":"2021-02-09T12:22:52","slug":"ubicacion","status":"publish","type":"page","link":"https:\/\/pslvav-sal.infd.edu.ar\/sitio\/ubicacion\/","title":{"rendered":"Ubicaci\u00f3n"},"content":{"rendered":"<p><span style=\"font-size: small;\">En esta p\u00e1gina pueden ir fotograf\u00edas del Instituto y un plano de ubicaci\u00f3n.<\/span><\/p>\n<p><a href=\"https:\/\/goo.gl\/maps\/7DNTx191wRNdG5Q48\">UBICACI\u00d3N INSTITUTO EDUCACI\u00d3N SUPERIOR N\u00ba 6040 VAQUEROS<\/a><\/p>\n","protected":false},"excerpt":{"rendered":"<p>En esta p\u00e1gina pueden ir fotograf\u00edas del Instituto y un plano de ubicaci\u00f3n. UBICACI\u00d3N INSTITUTO EDUCACI\u00d3N SUPERIOR N\u00ba 6040 VAQUEROS<\/p>\n","protected":false},"author":178,"featured_media":0,"parent":0,"menu_order":0,"comment_status":"closed","ping_status":"closed","template":"","meta":[],"acf":[],"_links":{"self":[{"href":"https:\/\/pslvav-sal.infd.edu.ar\/sitio\/wp-json\/wp\/v2\/pages\/763"}],"collection":[{"href":"https:\/\/pslvav-sal.infd.edu.ar\/sitio\/wp-json\/wp\/v2\/pages"}],"about":[{"href":"https:\/\/pslvav-sal.infd.edu.ar\/sitio\/wp-json\/wp\/v2\/types\/page"}],"author":[{"embeddable":true,"href":"https:\/\/pslvav-sal.infd.edu.ar\/sitio\/wp-json\/wp\/v2\/users\/178"}],"replies":[{"embeddable":true,"href":"https:\/\/pslvav-sal.infd.edu.ar\/sitio\/wp-json\/wp\/v2\/comments?post=763"}],"version-history":[{"count":2,"href":"https:\/\/pslvav-sal.infd.edu.ar\/sitio\/wp-json\/wp\/v2\/pages\/763\/revisions"}],"predecessor-version":[{"id":882,"href":"https:\/\/pslvav-sal.infd.edu.ar\/sitio\/wp-json\/wp\/v2\/pages\/763\/revisions\/882"}],"wp:attachment":[{"href":"https:\/\/pslvav-sal.infd.edu.ar\/sitio\/wp-json\/wp\/v2\/media?parent=763"}],"curies":[{"name":"wp","href":"https:\/\/api.w.org\/{rel}","templated":true}]}}