{"id":286,"date":"2016-10-31T13:17:59","date_gmt":"2016-10-31T16:17:59","guid":{"rendered":"https:\/\/pslvav-sal.infd.edu.ar\/sitio\/?page_id=286"},"modified":"2025-09-22T19:09:06","modified_gmt":"2025-09-22T22:09:06","slug":"inicio","status":"publish","type":"page","link":"https:\/\/pslvav-sal.infd.edu.ar\/sitio\/","title":{"rendered":"Inicio"},"content":{"rendered":"<p><img decoding=\"async\" loading=\"lazy\" class=\"alignnone size-full wp-image-718 aligncenter\" src=\"https:\/\/pslvav-sal.infd.edu.ar\/sitio\/wp-content\/uploads\/2018\/08\/logo_instituto-1.jpg\" alt=\"\" width=\"140\" height=\"113\" \/><\/p>\n<h1 style=\"text-align: center;\"><strong>Instituto de Educaci\u00f3n Superior<\/strong> <strong>N\u00ba 6040 &#8211; Vaqueros<\/strong><\/h1>\n<h1 style=\"text-align: center;\"><strong>Provincia de Salta<\/strong><\/h1>\n<h2 style=\"text-align: center;\">Este Instituto Superior de Formaci\u00f3n Docente forma parte del sistema de educaci\u00f3n p\u00fablica de gesti\u00f3n estatal.<\/h2>\n<h2 style=\"text-align: center;\">A trav\u00e9s de este sitio en Internet, nuestro Instituto podr\u00e1 comunicar novedades, acercar informaci\u00f3n, compartir experiencias y brindar apoyo y asesoramiento a\u00a0alumnos, docentes e interesados en formar parte de esta comunidad educativa.<\/h2>\n<h2 style=\"text-align: center;\">VAQUEROS &#8211; SALTA<\/h2>\n<h2 style=\"text-align: center;\">Junto con varios cientos de Institutos, integramos la <em><strong>Red\u00a0Virtual de Institutos Superiores de Formaci\u00f3n Docente<\/strong><\/em>\u00a0coordinada por el <strong>INFD<\/strong> (Instituto Nacional de Formaci\u00f3n Docente) dependiente del Ministerio de Educaci\u00f3n de la Naci\u00f3n Argentina.<\/h2>\n<div id=\"metaslider-id-403\" style=\"width: 100%;\" class=\"ml-slider-3-33-0 metaslider metaslider-flex metaslider-403 ml-slider ms-theme-default\" role=\"region\" aria-roledescription=\"Slideshow\" aria-label=\"Slideshow\">\n    <div id=\"metaslider_container_403\">\n        <div id=\"metaslider_403\" class=\"flexslider\">\n            <ul aria-live=\"polite\" class=\"slides\">\n                <li style=\"display: block; width: 100%;\" class=\"slide-607 ms-image\" aria-roledescription=\"slide\" aria-label=\"slide-607\"><a href=\"https:\/\/mapa.infd.edu.ar\/\" target=\"_blank\"><img src=\"https:\/\/pslvav-sal.infd.edu.ar\/sitio\/wp-content\/uploads\/2018\/06\/mapa_infd6-1100x200.png\" height=\"200\" width=\"1100\" alt=\"\" class=\"slider-403 slide-607\" title=\"mapa_infd6\" \/><\/a><\/li>\n                <li style=\"display: none; width: 100%;\" class=\"slide-609 ms-image\" aria-roledescription=\"slide\" aria-label=\"slide-609\"><a href=\"https:\/\/www.argentina.gob.ar\/educacion\/becas\" target=\"_blank\"><img src=\"https:\/\/pslvav-sal.infd.edu.ar\/sitio\/wp-content\/uploads\/2018\/06\/becas7-1100x200.png\" height=\"200\" width=\"1100\" alt=\"\" class=\"slider-403 slide-609\" title=\"becas7\" \/><\/a><\/li>\n                <li style=\"display: none; width: 100%;\" class=\"slide-635 ms-image\" aria-roledescription=\"slide\" aria-label=\"slide-635\"><a href=\"https:\/\/www.argentina.gob.ar\/tema\/estudiar\/formacion-docencia\" target=\"_blank\"><img src=\"https:\/\/pslvav-sal.infd.edu.ar\/sitio\/wp-content\/uploads\/2018\/06\/convocatorias_slide6-1-1100x200.png\" height=\"200\" width=\"1100\" alt=\"\" class=\"slider-403 slide-635\" title=\"convocatorias_slide6-1\" \/><\/a><\/li>\n            <\/ul>\n        <\/div>\n        \n    <\/div>\n<\/div>\n","protected":false},"excerpt":{"rendered":"<p>Instituto de Educaci\u00f3n Superior N\u00ba 6040 &#8211; Vaqueros Provincia de Salta Este Instituto Superior de Formaci\u00f3n Docente forma parte del sistema de educaci\u00f3n p\u00fablica de gesti\u00f3n estatal. A trav\u00e9s de este sitio en Internet, nuestro Instituto podr\u00e1 comunicar novedades, acercar informaci\u00f3n, compartir experiencias y brindar apoyo y asesoramiento a\u00a0alumnos, docentes e interesados en formar parte &#8230; <a title=\"Inicio\" class=\"read-more\" href=\"https:\/\/pslvav-sal.infd.edu.ar\/sitio\/\" aria-label=\"More on Inicio\">[+]<\/a><\/p>\n","protected":false},"author":1,"featured_media":0,"parent":0,"menu_order":0,"comment_status":"closed","ping_status":"closed","template":"","meta":[],"acf":[],"_links":{"self":[{"href":"https:\/\/pslvav-sal.infd.edu.ar\/sitio\/wp-json\/wp\/v2\/pages\/286"}],"collection":[{"href":"https:\/\/pslvav-sal.infd.edu.ar\/sitio\/wp-json\/wp\/v2\/pages"}],"about":[{"href":"https:\/\/pslvav-sal.infd.edu.ar\/sitio\/wp-json\/wp\/v2\/types\/page"}],"author":[{"embeddable":true,"href":"https:\/\/pslvav-sal.infd.edu.ar\/sitio\/wp-json\/wp\/v2\/users\/1"}],"replies":[{"embeddable":true,"href":"https:\/\/pslvav-sal.infd.edu.ar\/sitio\/wp-json\/wp\/v2\/comments?post=286"}],"version-history":[{"count":93,"href":"https:\/\/pslvav-sal.infd.edu.ar\/sitio\/wp-json\/wp\/v2\/pages\/286\/revisions"}],"predecessor-version":[{"id":1568,"href":"https:\/\/pslvav-sal.infd.edu.ar\/sitio\/wp-json\/wp\/v2\/pages\/286\/revisions\/1568"}],"wp:attachment":[{"href":"https:\/\/pslvav-sal.infd.edu.ar\/sitio\/wp-json\/wp\/v2\/media?parent=286"}],"curies":[{"name":"wp","href":"https:\/\/api.w.org\/{rel}","templated":true}]}}